{"id":119,"date":"2019-07-25T17:45:48","date_gmt":"2019-07-25T22:45:48","guid":{"rendered":"https:\/\/productosparaalbercas.com\/qmcpool\/?page_id=119"},"modified":"2019-10-03T15:35:34","modified_gmt":"2019-10-03T20:35:34","slug":"alquat","status":"publish","type":"page","link":"https:\/\/productosparaalbercas.com\/qmcpool\/alguicidas\/alquat\/","title":{"rendered":"ALQUAT"},"content":{"rendered":"<p>[vc_section el_id=\u00bbproducto-sencillo-seccion\u00bb][vc_row el_id=\u00bbproducto-sencillo-fila\u00bb][vc_column width=\u00bb1\/2&#8243; enable_sticky=\u00bbtrue\u00bb sticky_offset=\u00bb0&#8243; el_class=\u00bbproducto-flotante\u00bb][vc_row_inner el_class=\u00bbproducto-ficha\u00bb][vc_column_inner el_class=\u00bbcol-1&#8243; width=\u00bb1\/2&#8243;][vc_single_image image=\u00bb199&#8243; img_size=\u00bbfull\u00bb alignment=\u00bbcenter\u00bb][\/vc_column_inner][vc_column_inner el_class=\u00bbcol-2&#8243; width=\u00bb1\/2&#8243;][vc_custom_heading source=\u00bbpost_title\u00bb font_container=\u00bbtag:h1|text_align:left\u00bb use_theme_fonts=\u00bbyes\u00bb css=\u00bb.vc_custom_1565490343639{background-image: url(https:\/\/productosparaalbercas.com\/qmcpool\/wp-content\/uploads\/2019\/08\/alguicidas-icon-white.svg?id=235) !important;}\u00bb][vc_custom_heading text=\u00bbAlguicida\u00bb use_theme_fonts=\u00bbyes\u00bb][vc_custom_heading text=\u00bbpara la limpieza de albercas.\u00bb use_theme_fonts=\u00bbyes\u00bb][vc_custom_heading text=\u00bbALQUAT es un producto l\u00edquido especialmente formulado <b>para combatir algas verdes y la tenaz y persistente alga negra<\/b>, con adicionales propiedades floculantes, lo que garantiza que el agua de la alberca est\u00e9 permanentemente en \u00f3ptimas condiciones para su uso.\u00bb font_container=\u00bbtag:p|text_align:left\u00bb use_theme_fonts=\u00bbyes\u00bb][vc_custom_heading text=\u00bb\u00a1F\u00e1cil! Puedes aplicarlo t\u00fa mismo.\u00bb font_container=\u00bbtag:p|text_align:left\u00bb use_theme_fonts=\u00bbyes\u00bb][\/vc_column_inner][\/vc_row_inner][vc_row_inner el_id=\u00bbbotones-dudas\u00bb el_class=\u00bbbotones-producto-flotante\u00bb][vc_column_inner el_class=\u00bbcol-1&#8243; width=\u00bb1\/2&#8243;][vc_btn title=\u00bbFICHA T\u00c9CNICA PDF\u00bb align=\u00bbcenter\u00bb el_id=\u00bbboton-preguntas-frecuentes\u00bb link=\u00bburl:https%3A%2F%2Fproductosparaalbercas.com%2Fqmcpool%2Fwp-content%2Fuploads%2F2019%2F09%2FQMC-ALQUAT-ficha.pdf||target:%20_blank|\u00bb el_class=\u00bbficha-tecnica\u00bb][\/vc_column_inner][vc_column_inner el_class=\u00bbcol-2&#8243; width=\u00bb1\/2&#8243;][vc_btn title=\u00bbSOLIC\u00cdTALO\u00bb align=\u00bbcenter\u00bb link=\u00bburl:https%3A%2F%2Fwa.me%2F5213314113245%3Ftext%3DMe%2520gustar%C3%ADa%2520recibir%2520informes%2520sobre%2520ALQUAT.|||\u00bb el_class=\u00bbwhatsapp solicitalo\u00bb el_id=\u00bbwhatsapp-dudas\u00bb][\/vc_column_inner][\/vc_row_inner][\/vc_column][vc_column width=\u00bb1\/2&#8243; el_class=\u00bbproducto-detalles\u00bb][vc_custom_heading text=\u00bbBeneficios\u00bb use_theme_fonts=\u00bbyes\u00bb el_class=\u00bbazul-claro caja\u00bb][vc_custom_heading text=\u00bbNo solo es un alguicida excelente\u00bb font_container=\u00bbtag:h3|text_align:left\u00bb use_theme_fonts=\u00bbyes\u00bb el_class=\u00bbazul-obscuro caja\u00bb][vc_custom_heading text=\u00bbTambi\u00e9n tiene propiedades floculantes.\u00bb font_container=\u00bbtag:p|text_align:left\u00bb use_theme_fonts=\u00bbyes\u00bb el_class=\u00bbcaja\u00bb][vc_custom_heading text=\u00bbNo genera espuma\u00bb font_container=\u00bbtag:h3|text_align:left\u00bb use_theme_fonts=\u00bbyes\u00bb el_class=\u00bbazul-obscuro caja\u00bb][vc_custom_heading text=\u00bbA diferencia de otros alguicidas, no genera espuma. Hace sinergia con los productos de<br \/>\nQMC POOL a base de cloro para eficientizar la eliminaci\u00f3n de bacterias, hongos, levaduras, virus y protozoarios.\u00bb font_container=\u00bbtag:p|text_align:left\u00bb use_theme_fonts=\u00bbyes\u00bb el_class=\u00bbcaja\u00bb][vc_custom_heading text=\u00bbNo se ve afectado por el pH normal del agua de albercas\u00bb font_container=\u00bbtag:h3|text_align:left\u00bb use_theme_fonts=\u00bbyes\u00bb el_class=\u00bbazul-obscuro caja\u00bb][vc_custom_heading text=\u00bbEn el rango de 7.2 y 7.8 no se ve afectado; sin embargo, el nivel de cloro residual deber\u00e1 estar por debajo de 4 ppm para no ser degradado.\u00bb font_container=\u00bbtag:p|text_align:left\u00bb use_theme_fonts=\u00bbyes\u00bb el_class=\u00bbcaja\u00bb][vc_custom_heading text=\u00bbInstrucciones de uso\u00bb use_theme_fonts=\u00bbyes\u00bb el_class=\u00bbazul-claro caja instrucciones\u00bb][vc_column_text el_class=\u00bbcaja\u00bb]<\/p>\n<ul>\n<li>Se recomienda que ALQUAT se diluya previamente en agua, y que se dosifique con bomba dosificadora antes de los filtros.<\/li>\n<li>La aplicaci\u00f3n de ALQUAT deber\u00e1 hacerse cuando la alberca no est\u00e9 en servicio.<\/li>\n<li>Para mantenimiento la dosis recomendada ser\u00e1 de 22 a 55 ml de producto por 1 m\u00b3 de agua; normalmente ser\u00e1 suficiente una adici\u00f3n una vez por semana.<\/li>\n<li>Para tratamiento de shock se podr\u00e1n requerir de 150 a 275 mililitros de producto por cada 1 m\u00b3 de agua.<\/li>\n<li>Se deber\u00e1 recircular el agua para permitir la distribuci\u00f3n del producto en toda la alberca; o bien, dosificarse distribuyendo el producto por toda la alberca.<\/li>\n<\/ul>\n<p>[\/vc_column_text][vc_row_inner el_id=\u00bbprecauciones\u00bb][vc_column_inner][vc_custom_heading text=\u00bbPrecauciones\u00bb use_theme_fonts=\u00bbyes\u00bb el_class=\u00bbazul-obscuro\u00bb][vc_column_text]<\/p>\n<ul>\n<li>No se deje al alcance de los ni\u00f1os o mascotas.<\/li>\n<li>Por contacto con la piel y ojos, lavar con agua abundante. Consultar inmediatamente a un m\u00e9dico.<\/li>\n<li>Utilice guantes pl\u00e1sticos (de preferencia no de l\u00e1tex), lentes de seguridad y cubrebocas.<\/li>\n<li>Si se ingiere, no provoque el v\u00f3mito, y tome leche o agua en abundancia; consulte a un m\u00e9dico de inmediato.<\/li>\n<li>En derrames, el producto deber\u00e1 recogerse y disolverse en agua.<\/li>\n<li>El envase vac\u00edo deber\u00e1 lavarse con agua abundante antes de reutilizarlo o desecharlo.<\/li>\n<\/ul>\n<p>[\/vc_column_text][\/vc_column_inner][\/vc_row_inner][\/vc_column][\/vc_row][\/vc_section][vc_row][vc_column]<div class=\"templatera_shortcode\"><section id=\"dudas\" class=\"vc_section\"><div id=\"dudas-fila\" class=\"vc_row wpb_row vc_row-fluid mpc-row\"><div class=\"wpb_column vc_column_container vc_col-sm-12 mpc-column\" data-column-id=\"mpc_column-569dc313a60887\"><div class=\"vc_column-inner\"><div class=\"wpb_wrapper\"><h2 style=\"text-align: center\" class=\"vc_custom_heading\">&iquest;Dudas?<\/h2><p style=\"text-align: center\" class=\"vc_custom_heading\" id=\"dudas-descripcion\">Una piscina necesita m&aacute;s que s&oacute;lo cloro y redes para su mantenimiento.\nUn asesor de QMC POOL te resolver&aacute; tus dudas para que mantengas limpia e higi&eacute;nica tu alberca.<\/p><div id=\"botones-dudas\" class=\"vc_row wpb_row vc_inner vc_row-fluid mpc-row\"><div class=\"col-1 wpb_column vc_column_container vc_col-sm-6 mpc-column\" data-column-id=\"mpc_column-4469dc313a5ff71\"><div class=\"vc_column-inner\"><div class=\"wpb_wrapper\"><div class=\"vc_btn3-container vc_btn3-center\" id=\"boton-preguntas-frecuentes\"><a class=\"vc_general vc_btn3 vc_btn3-size-md vc_btn3-shape-rounded vc_btn3-style-modern vc_btn3-color-grey\" href=\"https:\/\/productosparaalbercas.com\/qmcpool\/preguntas-frecuentes\/\" title=\"Preguntas frecuentes\">PREGUNTAS FRECUENTES<\/a><\/div><\/div><\/div><\/div><div class=\"col-2 wpb_column vc_column_container vc_col-sm-6 mpc-column\" data-column-id=\"mpc_column-4269dc313a604a5\"><div class=\"vc_column-inner\"><div class=\"wpb_wrapper\"><div class=\"vc_btn3-container  whatsapp vc_btn3-center\" id=\"whatsapp-dudas\"><a class=\"vc_general vc_btn3 vc_btn3-size-md vc_btn3-shape-rounded vc_btn3-style-modern vc_btn3-color-grey\" href=\"https:\/\/wa.me\/5213314113245?text=Me%20gustar%C3%ADa%20recibir%20informes.\" title=\"\">ESCR&Iacute;BENOS<\/a><\/div><\/div><\/div><\/div><\/div><p style=\"text-align: center\" class=\"vc_custom_heading dudas-nota azul-obscuro\">Te responderemos lo m&aacute;s pronto posible de lunes a s&aacute;bado en <b>horarios de oficina.<\/b><\/p><\/div><\/div><\/div><\/div><\/section><\/div>[\/vc_column][\/vc_row]<\/p>\n","protected":false},"excerpt":{"rendered":"ALQUATAlguicidapara la limpieza de albercas.ALQUAT es un producto l&iacute;quido especialmente formulado para combatir algas verdes y la tenaz y persistente alga negra, con adicionales propiedades floculantes, lo que garantiza que el agua de la alberca est&eacute; permanentemente en &oacute;ptimas condiciones para su uso.&iexcl;F&aacute;cil! Puedes aplicarlo t&uacute; mismo.FICHA T&Eacute;CNICA PDFSOLIC&Iacute;TALOBeneficiosNo solo es un alguicida excelenteTambi&eacute;n tiene","protected":false},"author":1,"featured_media":0,"parent":154,"menu_order":0,"comment_status":"closed","ping_status":"closed","template":"","meta":{"inline_featured_image":false,"_mi_skip_tracking":false,"spay_email":""},"yoast_head":"<!-- This site is optimized with the Yoast SEO plugin v19.9 - https:\/\/yoast.com\/wordpress\/plugins\/seo\/ -->\n<title>ALQUAT - QMCPool<\/title>\n<meta name=\"robots\" content=\"index, follow, max-snippet:-1, max-image-preview:large, max-video-preview:-1\" \/>\n<link rel=\"canonical\" href=\"https:\/\/productosparaalbercas.com\/qmcpool\/alguicidas\/alquat\/\" \/>\n<meta property=\"og:locale\" content=\"es_ES\" \/>\n<meta property=\"og:type\" content=\"article\" \/>\n<meta property=\"og:title\" content=\"ALQUAT - QMCPool\" \/>\n<meta property=\"og:url\" content=\"https:\/\/productosparaalbercas.com\/qmcpool\/alguicidas\/alquat\/\" \/>\n<meta property=\"og:site_name\" content=\"QMCPool\" \/>\n<meta property=\"article:modified_time\" content=\"2019-10-03T20:35:34+00:00\" \/>\n<meta name=\"twitter:card\" content=\"summary_large_image\" \/>\n<meta name=\"twitter:label1\" content=\"Tiempo de lectura\" \/>\n\t<meta name=\"twitter:data1\" content=\"4 minutos\" \/>\n<script type=\"application\/ld+json\" class=\"yoast-schema-graph\">{\"@context\":\"https:\/\/schema.org\",\"@graph\":[{\"@type\":\"WebPage\",\"@id\":\"https:\/\/productosparaalbercas.com\/qmcpool\/alguicidas\/alquat\/\",\"url\":\"https:\/\/productosparaalbercas.com\/qmcpool\/alguicidas\/alquat\/\",\"name\":\"ALQUAT - QMCPool\",\"isPartOf\":{\"@id\":\"https:\/\/productosparaalbercas.com\/qmcpool\/#website\"},\"datePublished\":\"2019-07-25T22:45:48+00:00\",\"dateModified\":\"2019-10-03T20:35:34+00:00\",\"breadcrumb\":{\"@id\":\"https:\/\/productosparaalbercas.com\/qmcpool\/alguicidas\/alquat\/#breadcrumb\"},\"inLanguage\":\"es\",\"potentialAction\":[{\"@type\":\"ReadAction\",\"target\":[\"https:\/\/productosparaalbercas.com\/qmcpool\/alguicidas\/alquat\/\"]}]},{\"@type\":\"BreadcrumbList\",\"@id\":\"https:\/\/productosparaalbercas.com\/qmcpool\/alguicidas\/alquat\/#breadcrumb\",\"itemListElement\":[{\"@type\":\"ListItem\",\"position\":1,\"name\":\"Portada\",\"item\":\"https:\/\/productosparaalbercas.com\/qmcpool\/\"},{\"@type\":\"ListItem\",\"position\":2,\"name\":\"Alguicidas\",\"item\":\"https:\/\/productosparaalbercas.com\/qmcpool\/alguicidas\/\"},{\"@type\":\"ListItem\",\"position\":3,\"name\":\"ALQUAT\"}]},{\"@type\":\"WebSite\",\"@id\":\"https:\/\/productosparaalbercas.com\/qmcpool\/#website\",\"url\":\"https:\/\/productosparaalbercas.com\/qmcpool\/\",\"name\":\"QMCPool\",\"description\":\"Soluciones qu\u00edmicas para disfrutar tu alberca.\",\"potentialAction\":[{\"@type\":\"SearchAction\",\"target\":{\"@type\":\"EntryPoint\",\"urlTemplate\":\"https:\/\/productosparaalbercas.com\/qmcpool\/?s={search_term_string}\"},\"query-input\":\"required name=search_term_string\"}],\"inLanguage\":\"es\"}]}<\/script>\n<!-- \/ Yoast SEO plugin. -->","yoast_head_json":{"title":"ALQUAT - QMCPool","robots":{"index":"index","follow":"follow","max-snippet":"max-snippet:-1","max-image-preview":"max-image-preview:large","max-video-preview":"max-video-preview:-1"},"canonical":"https:\/\/productosparaalbercas.com\/qmcpool\/alguicidas\/alquat\/","og_locale":"es_ES","og_type":"article","og_title":"ALQUAT - QMCPool","og_url":"https:\/\/productosparaalbercas.com\/qmcpool\/alguicidas\/alquat\/","og_site_name":"QMCPool","article_modified_time":"2019-10-03T20:35:34+00:00","twitter_card":"summary_large_image","twitter_misc":{"Tiempo de lectura":"4 minutos"},"schema":{"@context":"https:\/\/schema.org","@graph":[{"@type":"WebPage","@id":"https:\/\/productosparaalbercas.com\/qmcpool\/alguicidas\/alquat\/","url":"https:\/\/productosparaalbercas.com\/qmcpool\/alguicidas\/alquat\/","name":"ALQUAT - QMCPool","isPartOf":{"@id":"https:\/\/productosparaalbercas.com\/qmcpool\/#website"},"datePublished":"2019-07-25T22:45:48+00:00","dateModified":"2019-10-03T20:35:34+00:00","breadcrumb":{"@id":"https:\/\/productosparaalbercas.com\/qmcpool\/alguicidas\/alquat\/#breadcrumb"},"inLanguage":"es","potentialAction":[{"@type":"ReadAction","target":["https:\/\/productosparaalbercas.com\/qmcpool\/alguicidas\/alquat\/"]}]},{"@type":"BreadcrumbList","@id":"https:\/\/productosparaalbercas.com\/qmcpool\/alguicidas\/alquat\/#breadcrumb","itemListElement":[{"@type":"ListItem","position":1,"name":"Portada","item":"https:\/\/productosparaalbercas.com\/qmcpool\/"},{"@type":"ListItem","position":2,"name":"Alguicidas","item":"https:\/\/productosparaalbercas.com\/qmcpool\/alguicidas\/"},{"@type":"ListItem","position":3,"name":"ALQUAT"}]},{"@type":"WebSite","@id":"https:\/\/productosparaalbercas.com\/qmcpool\/#website","url":"https:\/\/productosparaalbercas.com\/qmcpool\/","name":"QMCPool","description":"Soluciones qu\u00edmicas para disfrutar tu alberca.","potentialAction":[{"@type":"SearchAction","target":{"@type":"EntryPoint","urlTemplate":"https:\/\/productosparaalbercas.com\/qmcpool\/?s={search_term_string}"},"query-input":"required name=search_term_string"}],"inLanguage":"es"}]}},"jetpack_sharing_enabled":true,"_links":{"self":[{"href":"https:\/\/productosparaalbercas.com\/qmcpool\/wp-json\/wp\/v2\/pages\/119"}],"collection":[{"href":"https:\/\/productosparaalbercas.com\/qmcpool\/wp-json\/wp\/v2\/pages"}],"about":[{"href":"https:\/\/productosparaalbercas.com\/qmcpool\/wp-json\/wp\/v2\/types\/page"}],"author":[{"embeddable":true,"href":"https:\/\/productosparaalbercas.com\/qmcpool\/wp-json\/wp\/v2\/users\/1"}],"replies":[{"embeddable":true,"href":"https:\/\/productosparaalbercas.com\/qmcpool\/wp-json\/wp\/v2\/comments?post=119"}],"version-history":[{"count":0,"href":"https:\/\/productosparaalbercas.com\/qmcpool\/wp-json\/wp\/v2\/pages\/119\/revisions"}],"up":[{"embeddable":true,"href":"https:\/\/productosparaalbercas.com\/qmcpool\/wp-json\/wp\/v2\/pages\/154"}],"wp:attachment":[{"href":"https:\/\/productosparaalbercas.com\/qmcpool\/wp-json\/wp\/v2\/media?parent=119"}],"curies":[{"name":"wp","href":"https:\/\/api.w.org\/{rel}","templated":true}]}}