{"id":159,"date":"2019-08-08T21:01:37","date_gmt":"2019-08-09T02:01:37","guid":{"rendered":"https:\/\/productosparaalbercas.com\/qmcpool\/?page_id=159"},"modified":"2019-08-12T10:29:27","modified_gmt":"2019-08-12T15:29:27","slug":"floculantes-y-clarificantes","status":"publish","type":"page","link":"https:\/\/productosparaalbercas.com\/qmcpool\/floculantes-y-clarificantes\/","title":{"rendered":"Floculantes y clarificantes"},"content":{"rendered":"<p>[vc_section el_id=\u00bbcategoria-producto\u00bb][vc_row el_id=\u00bbcategoria-intro\u00bb][vc_column][vc_custom_heading source=\u00bbpost_title\u00bb font_container=\u00bbtag:h1|text_align:center\u00bb use_theme_fonts=\u00bbyes\u00bb css=\u00bb.vc_custom_1565487088994{background-image: url(https:\/\/productosparaalbercas.com\/qmcpool\/wp-content\/uploads\/2019\/07\/floculantes.svg?id=38) !important;}\u00bb][vc_custom_heading text=\u00bb\u00bb font_container=\u00bbtag:p|text_align:left\u00bb use_theme_fonts=\u00bbyes\u00bb][\/vc_column][\/vc_row][vc_row el_class=\u00bbcategoria-productos-fila\u00bb][vc_column width=\u00bb1\/2&#8243; el_class=\u00bbcol-1&#8243;][vc_custom_heading text=\u00bbBLOW OUT\u00bb use_theme_fonts=\u00bbyes\u00bb link=\u00bburl:https%3A%2F%2Fproductosparaalbercas.com%2Fqmcpool%2Ffloculantes-y-clarificantes%2Fblow-out%2F|||\u00bb el_class=\u00bbazul-obscuro\u00bb css=\u00bb.vc_custom_1565538102958{background-image: url(https:\/\/productosparaalbercas.com\/qmcpool\/wp-content\/uploads\/2019\/08\/QMC-Envase-liquidoBLOWOUT.png?id=200) !important;}\u00bb][vc_custom_heading text=\u00bbSoluci\u00f3n l\u00edquida para cuando se requiere una floculaci\u00f3n r\u00e1pida.\u00bb font_container=\u00bbtag:p|text_align:left\u00bb use_theme_fonts=\u00bbyes\u00bb link=\u00bburl:https%3A%2F%2Fproductosparaalbercas.com%2Fqmcpool%2Ffloculantes-y-clarificantes%2Fblow-out%2F|||\u00bb][vc_btn title=\u00bbM\u00e1s informaci\u00f3n\u00bb align=\u00bbright\u00bb link=\u00bburl:https%3A%2F%2Fproductosparaalbercas.com%2Fqmcpool%2Ffloculantes-y-clarificantes%2Fblow-out%2F|||\u00bb el_class=\u00bbazul-claro\u00bb][\/vc_column][vc_column width=\u00bb1\/2&#8243; el_class=\u00bbcol-2&#8243;][vc_custom_heading text=\u00bbFLOX\u00bb use_theme_fonts=\u00bbyes\u00bb link=\u00bburl:https%3A%2F%2Fproductosparaalbercas.com%2Fqmcpool%2Ffloculantes-y-clarificantes%2Fflox%2F|||\u00bb el_class=\u00bbazul-obscuro\u00bb css=\u00bb.vc_custom_1565538132030{background-image: url(https:\/\/productosparaalbercas.com\/qmcpool\/wp-content\/uploads\/2019\/08\/QMC-Envase-polvoFLOX.png?id=205) !important;}\u00bb][vc_custom_heading text=\u00bbFLOX es un floculante en polvo para el tratamiento convencional.\u00bb font_container=\u00bbtag:p|text_align:left\u00bb use_theme_fonts=\u00bbyes\u00bb link=\u00bburl:https%3A%2F%2Fproductosparaalbercas.com%2Fqmcpool%2Ffloculantes-y-clarificantes%2Fflox%2F|||\u00bb][vc_btn title=\u00bbM\u00e1s informaci\u00f3n\u00bb align=\u00bbright\u00bb link=\u00bburl:https%3A%2F%2Fproductosparaalbercas.com%2Fqmcpool%2Ffloculantes-y-clarificantes%2Fflox%2F|||\u00bb el_class=\u00bbazul-claro\u00bb][\/vc_column][\/vc_row][vc_row el_class=\u00bbcategoria-productos-fila\u00bb][vc_column width=\u00bb1\/2&#8243; el_class=\u00bbcol-1&#8243;][vc_custom_heading text=\u00bbSUPRAFLOX\u00bb use_theme_fonts=\u00bbyes\u00bb link=\u00bburl:https%3A%2F%2Fproductosparaalbercas.com%2Fqmcpool%2Ffloculantes-y-clarificantes%2Fsupraflox%2F|||\u00bb el_class=\u00bbazul-obscuro\u00bb css=\u00bb.vc_custom_1565538160399{background-image: url(https:\/\/productosparaalbercas.com\/qmcpool\/wp-content\/uploads\/2019\/08\/QMC-Envase-polvoSUPRAFLOX.png?id=211) !important;}\u00bb][vc_custom_heading text=\u00bbFloculante org\u00e1nico para utilizarse solo o en combinaci\u00f3n con los otros productos de nuestra l\u00ednea.\u00bb font_container=\u00bbtag:p|text_align:left\u00bb use_theme_fonts=\u00bbyes\u00bb link=\u00bburl:https%3A%2F%2Fproductosparaalbercas.com%2Fqmcpool%2Ffloculantes-y-clarificantes%2Fsupraflox%2F|||\u00bb][vc_btn title=\u00bbM\u00e1s informaci\u00f3n\u00bb align=\u00bbright\u00bb link=\u00bburl:https%3A%2F%2Fproductosparaalbercas.com%2Fqmcpool%2Ffloculantes-y-clarificantes%2Fsupraflox%2F|||\u00bb el_class=\u00bbazul-claro\u00bb][\/vc_column][\/vc_row][\/vc_section]<\/p>\n","protected":false},"excerpt":{"rendered":"<p>[vc_section el_id=\u00bbcategoria-producto\u00bb][vc_row el_id=\u00bbcategoria-intro\u00bb][vc_column][vc_custom_heading source=\u00bbpost_title\u00bb font_container=\u00bbtag:h1|text_align:center\u00bb use_theme_fonts=\u00bbyes\u00bb css=\u00bb.vc_custom_1565487088994{background-image: url(https:\/\/productosparaalbercas.com\/qmcpool\/wp-content\/uploads\/2019\/07\/floculantes.svg?id=38) !important;}\u00bb][vc_custom_heading text=\u00bb\u00bb font_container=\u00bbtag:p|text_align:left\u00bb use_theme_fonts=\u00bbyes\u00bb][\/vc_column][\/vc_row][vc_row el_class=\u00bbcategoria-productos-fila\u00bb][vc_column width=\u00bb1\/2&#8243; el_class=\u00bbcol-1&#8243;][vc_custom_heading text=\u00bbBLOW OUT\u00bb use_theme_fonts=\u00bbyes\u00bb link=\u00bburl:https%3A%2F%2Fproductosparaalbercas.com%2Fqmcpool%2Ffloculantes-y-clarificantes%2Fblow-out%2F|||\u00bb el_class=\u00bbazul-obscuro\u00bb css=\u00bb.vc_custom_1565538102958{background-image: url(https:\/\/productosparaalbercas.com\/qmcpool\/wp-content\/uploads\/2019\/08\/QMC-Envase-liquidoBLOWOUT.png?id=200) !important;}\u00bb][vc_custom_heading text=\u00bbSoluci\u00f3n l\u00edquida para cuando se requiere una floculaci\u00f3n r\u00e1pida.\u00bb font_container=\u00bbtag:p|text_align:left\u00bb use_theme_fonts=\u00bbyes\u00bb link=\u00bburl:https%3A%2F%2Fproductosparaalbercas.com%2Fqmcpool%2Ffloculantes-y-clarificantes%2Fblow-out%2F|||\u00bb][vc_btn title=\u00bbM\u00e1s informaci\u00f3n\u00bb align=\u00bbright\u00bb link=\u00bburl:https%3A%2F%2Fproductosparaalbercas.com%2Fqmcpool%2Ffloculantes-y-clarificantes%2Fblow-out%2F|||\u00bb el_class=\u00bbazul-claro\u00bb][\/vc_column][vc_column width=\u00bb1\/2&#8243; el_class=\u00bbcol-2&#8243;][vc_custom_heading text=\u00bbFLOX\u00bb use_theme_fonts=\u00bbyes\u00bb link=\u00bburl:https%3A%2F%2Fproductosparaalbercas.com%2Fqmcpool%2Ffloculantes-y-clarificantes%2Fflox%2F|||\u00bb el_class=\u00bbazul-obscuro\u00bb css=\u00bb.vc_custom_1565538132030{background-image: url(https:\/\/productosparaalbercas.com\/qmcpool\/wp-content\/uploads\/2019\/08\/QMC-Envase-polvoFLOX.png?id=205) !important;}\u00bb][vc_custom_heading text=\u00bbFLOX es un floculante en polvo<\/p>\n","protected":false},"author":1,"featured_media":0,"parent":0,"menu_order":0,"comment_status":"closed","ping_status":"closed","template":"","meta":{"inline_featured_image":false,"_mi_skip_tracking":false,"spay_email":""},"yoast_head":"<!-- This site is optimized with the Yoast SEO plugin v19.9 - https:\/\/yoast.com\/wordpress\/plugins\/seo\/ -->\n<title>Floculantes y clarificantes - QMCPool<\/title>\n<meta name=\"robots\" content=\"index, follow, max-snippet:-1, max-image-preview:large, max-video-preview:-1\" \/>\n<link rel=\"canonical\" href=\"https:\/\/productosparaalbercas.com\/qmcpool\/floculantes-y-clarificantes\/\" \/>\n<meta property=\"og:locale\" content=\"es_ES\" \/>\n<meta property=\"og:type\" content=\"article\" \/>\n<meta property=\"og:title\" content=\"Floculantes y clarificantes - QMCPool\" \/>\n<meta property=\"og:description\" content=\"[vc_section el_id=\u00bbcategoria-producto\u00bb][vc_row el_id=\u00bbcategoria-intro\u00bb][vc_column][vc_custom_heading source=\u00bbpost_title\u00bb font_container=\u00bbtag:h1|text_align:center\u00bb use_theme_fonts=\u00bbyes\u00bb css=\u00bb.vc_custom_1565487088994{background-image: url(https:\/\/productosparaalbercas.com\/qmcpool\/wp-content\/uploads\/2019\/07\/floculantes.svg?id=38) !important;}\u00bb][vc_custom_heading text=\u00bb\u00bb font_container=\u00bbtag:p|text_align:left\u00bb use_theme_fonts=\u00bbyes\u00bb][\/vc_column][\/vc_row][vc_row el_class=\u00bbcategoria-productos-fila\u00bb][vc_column width=\u00bb1\/2&#8243; el_class=\u00bbcol-1&#8243;][vc_custom_heading text=\u00bbBLOW OUT\u00bb use_theme_fonts=\u00bbyes\u00bb link=\u00bburl:https%3A%2F%2Fproductosparaalbercas.com%2Fqmcpool%2Ffloculantes-y-clarificantes%2Fblow-out%2F|||\u00bb el_class=\u00bbazul-obscuro\u00bb css=\u00bb.vc_custom_1565538102958{background-image: url(https:\/\/productosparaalbercas.com\/qmcpool\/wp-content\/uploads\/2019\/08\/QMC-Envase-liquidoBLOWOUT.png?id=200) !important;}\u00bb][vc_custom_heading text=\u00bbSoluci\u00f3n l\u00edquida para cuando se requiere una floculaci\u00f3n r\u00e1pida.\u00bb font_container=\u00bbtag:p|text_align:left\u00bb use_theme_fonts=\u00bbyes\u00bb link=\u00bburl:https%3A%2F%2Fproductosparaalbercas.com%2Fqmcpool%2Ffloculantes-y-clarificantes%2Fblow-out%2F|||\u00bb][vc_btn title=\u00bbM\u00e1s informaci\u00f3n\u00bb align=\u00bbright\u00bb link=\u00bburl:https%3A%2F%2Fproductosparaalbercas.com%2Fqmcpool%2Ffloculantes-y-clarificantes%2Fblow-out%2F|||\u00bb el_class=\u00bbazul-claro\u00bb][\/vc_column][vc_column width=\u00bb1\/2&#8243; el_class=\u00bbcol-2&#8243;][vc_custom_heading text=\u00bbFLOX\u00bb use_theme_fonts=\u00bbyes\u00bb link=\u00bburl:https%3A%2F%2Fproductosparaalbercas.com%2Fqmcpool%2Ffloculantes-y-clarificantes%2Fflox%2F|||\u00bb el_class=\u00bbazul-obscuro\u00bb css=\u00bb.vc_custom_1565538132030{background-image: url(https:\/\/productosparaalbercas.com\/qmcpool\/wp-content\/uploads\/2019\/08\/QMC-Envase-polvoFLOX.png?id=205) !important;}\u00bb][vc_custom_heading text=\u00bbFLOX es un floculante en polvo\" \/>\n<meta property=\"og:url\" content=\"https:\/\/productosparaalbercas.com\/qmcpool\/floculantes-y-clarificantes\/\" \/>\n<meta property=\"og:site_name\" content=\"QMCPool\" \/>\n<meta property=\"article:modified_time\" content=\"2019-08-12T15:29:27+00:00\" \/>\n<meta name=\"twitter:card\" content=\"summary_large_image\" \/>\n<meta name=\"twitter:label1\" content=\"Tiempo de lectura\" \/>\n\t<meta name=\"twitter:data1\" content=\"2 minutos\" \/>\n<script type=\"application\/ld+json\" class=\"yoast-schema-graph\">{\"@context\":\"https:\/\/schema.org\",\"@graph\":[{\"@type\":\"WebPage\",\"@id\":\"https:\/\/productosparaalbercas.com\/qmcpool\/floculantes-y-clarificantes\/\",\"url\":\"https:\/\/productosparaalbercas.com\/qmcpool\/floculantes-y-clarificantes\/\",\"name\":\"Floculantes y clarificantes - QMCPool\",\"isPartOf\":{\"@id\":\"https:\/\/productosparaalbercas.com\/qmcpool\/#website\"},\"datePublished\":\"2019-08-09T02:01:37+00:00\",\"dateModified\":\"2019-08-12T15:29:27+00:00\",\"breadcrumb\":{\"@id\":\"https:\/\/productosparaalbercas.com\/qmcpool\/floculantes-y-clarificantes\/#breadcrumb\"},\"inLanguage\":\"es\",\"potentialAction\":[{\"@type\":\"ReadAction\",\"target\":[\"https:\/\/productosparaalbercas.com\/qmcpool\/floculantes-y-clarificantes\/\"]}]},{\"@type\":\"BreadcrumbList\",\"@id\":\"https:\/\/productosparaalbercas.com\/qmcpool\/floculantes-y-clarificantes\/#breadcrumb\",\"itemListElement\":[{\"@type\":\"ListItem\",\"position\":1,\"name\":\"Portada\",\"item\":\"https:\/\/productosparaalbercas.com\/qmcpool\/\"},{\"@type\":\"ListItem\",\"position\":2,\"name\":\"Floculantes y clarificantes\"}]},{\"@type\":\"WebSite\",\"@id\":\"https:\/\/productosparaalbercas.com\/qmcpool\/#website\",\"url\":\"https:\/\/productosparaalbercas.com\/qmcpool\/\",\"name\":\"QMCPool\",\"description\":\"Soluciones qu\u00edmicas para disfrutar tu alberca.\",\"potentialAction\":[{\"@type\":\"SearchAction\",\"target\":{\"@type\":\"EntryPoint\",\"urlTemplate\":\"https:\/\/productosparaalbercas.com\/qmcpool\/?s={search_term_string}\"},\"query-input\":\"required name=search_term_string\"}],\"inLanguage\":\"es\"}]}<\/script>\n<!-- \/ Yoast SEO plugin. -->","yoast_head_json":{"title":"Floculantes y clarificantes - QMCPool","robots":{"index":"index","follow":"follow","max-snippet":"max-snippet:-1","max-image-preview":"max-image-preview:large","max-video-preview":"max-video-preview:-1"},"canonical":"https:\/\/productosparaalbercas.com\/qmcpool\/floculantes-y-clarificantes\/","og_locale":"es_ES","og_type":"article","og_title":"Floculantes y clarificantes - QMCPool","og_description":"[vc_section el_id=\u00bbcategoria-producto\u00bb][vc_row el_id=\u00bbcategoria-intro\u00bb][vc_column][vc_custom_heading source=\u00bbpost_title\u00bb font_container=\u00bbtag:h1|text_align:center\u00bb use_theme_fonts=\u00bbyes\u00bb css=\u00bb.vc_custom_1565487088994{background-image: url(https:\/\/productosparaalbercas.com\/qmcpool\/wp-content\/uploads\/2019\/07\/floculantes.svg?id=38) !important;}\u00bb][vc_custom_heading text=\u00bb\u00bb font_container=\u00bbtag:p|text_align:left\u00bb use_theme_fonts=\u00bbyes\u00bb][\/vc_column][\/vc_row][vc_row el_class=\u00bbcategoria-productos-fila\u00bb][vc_column width=\u00bb1\/2&#8243; el_class=\u00bbcol-1&#8243;][vc_custom_heading text=\u00bbBLOW OUT\u00bb use_theme_fonts=\u00bbyes\u00bb link=\u00bburl:https%3A%2F%2Fproductosparaalbercas.com%2Fqmcpool%2Ffloculantes-y-clarificantes%2Fblow-out%2F|||\u00bb el_class=\u00bbazul-obscuro\u00bb css=\u00bb.vc_custom_1565538102958{background-image: url(https:\/\/productosparaalbercas.com\/qmcpool\/wp-content\/uploads\/2019\/08\/QMC-Envase-liquidoBLOWOUT.png?id=200) !important;}\u00bb][vc_custom_heading text=\u00bbSoluci\u00f3n l\u00edquida para cuando se requiere una floculaci\u00f3n r\u00e1pida.\u00bb font_container=\u00bbtag:p|text_align:left\u00bb use_theme_fonts=\u00bbyes\u00bb link=\u00bburl:https%3A%2F%2Fproductosparaalbercas.com%2Fqmcpool%2Ffloculantes-y-clarificantes%2Fblow-out%2F|||\u00bb][vc_btn title=\u00bbM\u00e1s informaci\u00f3n\u00bb align=\u00bbright\u00bb link=\u00bburl:https%3A%2F%2Fproductosparaalbercas.com%2Fqmcpool%2Ffloculantes-y-clarificantes%2Fblow-out%2F|||\u00bb el_class=\u00bbazul-claro\u00bb][\/vc_column][vc_column width=\u00bb1\/2&#8243; el_class=\u00bbcol-2&#8243;][vc_custom_heading text=\u00bbFLOX\u00bb use_theme_fonts=\u00bbyes\u00bb link=\u00bburl:https%3A%2F%2Fproductosparaalbercas.com%2Fqmcpool%2Ffloculantes-y-clarificantes%2Fflox%2F|||\u00bb el_class=\u00bbazul-obscuro\u00bb css=\u00bb.vc_custom_1565538132030{background-image: url(https:\/\/productosparaalbercas.com\/qmcpool\/wp-content\/uploads\/2019\/08\/QMC-Envase-polvoFLOX.png?id=205) !important;}\u00bb][vc_custom_heading text=\u00bbFLOX es un floculante en polvo","og_url":"https:\/\/productosparaalbercas.com\/qmcpool\/floculantes-y-clarificantes\/","og_site_name":"QMCPool","article_modified_time":"2019-08-12T15:29:27+00:00","twitter_card":"summary_large_image","twitter_misc":{"Tiempo de lectura":"2 minutos"},"schema":{"@context":"https:\/\/schema.org","@graph":[{"@type":"WebPage","@id":"https:\/\/productosparaalbercas.com\/qmcpool\/floculantes-y-clarificantes\/","url":"https:\/\/productosparaalbercas.com\/qmcpool\/floculantes-y-clarificantes\/","name":"Floculantes y clarificantes - QMCPool","isPartOf":{"@id":"https:\/\/productosparaalbercas.com\/qmcpool\/#website"},"datePublished":"2019-08-09T02:01:37+00:00","dateModified":"2019-08-12T15:29:27+00:00","breadcrumb":{"@id":"https:\/\/productosparaalbercas.com\/qmcpool\/floculantes-y-clarificantes\/#breadcrumb"},"inLanguage":"es","potentialAction":[{"@type":"ReadAction","target":["https:\/\/productosparaalbercas.com\/qmcpool\/floculantes-y-clarificantes\/"]}]},{"@type":"BreadcrumbList","@id":"https:\/\/productosparaalbercas.com\/qmcpool\/floculantes-y-clarificantes\/#breadcrumb","itemListElement":[{"@type":"ListItem","position":1,"name":"Portada","item":"https:\/\/productosparaalbercas.com\/qmcpool\/"},{"@type":"ListItem","position":2,"name":"Floculantes y clarificantes"}]},{"@type":"WebSite","@id":"https:\/\/productosparaalbercas.com\/qmcpool\/#website","url":"https:\/\/productosparaalbercas.com\/qmcpool\/","name":"QMCPool","description":"Soluciones qu\u00edmicas para disfrutar tu alberca.","potentialAction":[{"@type":"SearchAction","target":{"@type":"EntryPoint","urlTemplate":"https:\/\/productosparaalbercas.com\/qmcpool\/?s={search_term_string}"},"query-input":"required name=search_term_string"}],"inLanguage":"es"}]}},"jetpack_sharing_enabled":true,"_links":{"self":[{"href":"https:\/\/productosparaalbercas.com\/qmcpool\/wp-json\/wp\/v2\/pages\/159"}],"collection":[{"href":"https:\/\/productosparaalbercas.com\/qmcpool\/wp-json\/wp\/v2\/pages"}],"about":[{"href":"https:\/\/productosparaalbercas.com\/qmcpool\/wp-json\/wp\/v2\/types\/page"}],"author":[{"embeddable":true,"href":"https:\/\/productosparaalbercas.com\/qmcpool\/wp-json\/wp\/v2\/users\/1"}],"replies":[{"embeddable":true,"href":"https:\/\/productosparaalbercas.com\/qmcpool\/wp-json\/wp\/v2\/comments?post=159"}],"version-history":[{"count":0,"href":"https:\/\/productosparaalbercas.com\/qmcpool\/wp-json\/wp\/v2\/pages\/159\/revisions"}],"wp:attachment":[{"href":"https:\/\/productosparaalbercas.com\/qmcpool\/wp-json\/wp\/v2\/media?parent=159"}],"curies":[{"name":"wp","href":"https:\/\/api.w.org\/{rel}","templated":true}]}}