{"id":165,"date":"2019-08-08T21:02:50","date_gmt":"2019-08-09T02:02:50","guid":{"rendered":"https:\/\/productosparaalbercas.com\/qmcpool\/?page_id=165"},"modified":"2019-09-06T12:17:12","modified_gmt":"2019-09-06T17:17:12","slug":"preguntas-frecuentes","status":"publish","type":"page","link":"https:\/\/productosparaalbercas.com\/qmcpool\/preguntas-frecuentes\/","title":{"rendered":"Preguntas frecuentes"},"content":{"rendered":"<p>[vc_section el_id=\u00bbpreguntas-frecuentes-seccion\u00bb][vc_row el_id=\u00bbpreguntas-frecuentes-fila\u00bb][vc_column][vc_custom_heading text=\u00bb\u00bfTienes alguna duda?\u00bb use_theme_fonts=\u00bbyes\u00bb el_class=\u00bbazul-obscuro\u00bb][vc_raw_html el_id=\u00bbpreguntas-frecuentes-cta\u00bb]JTNDcCUyMGNsYXNzJTNEJTIyYXp1bC1vYnNjdXJvJTIyJTNFU2klMjBubyUyMGVuY3VlbnRyYXMlMjBsbyUyMHF1ZSUyMGJ1c2NhcyUyQyUyMHJlY3VlcmRhJTIwcXVlJTIwcHVlZGVzJTIwJTNDYnIlM0UlMEElM0NzcGFuJTIwY2xhc3MlM0QlMjJ2ZXJkZSUyMiUzRSUzQ2ElMjBocmVmJTNEJTIyaHR0cHMlM0ElMkYlMkZ3YS5tZSUyRjUyMTMzMTYwMTI5ODQlM0Z0ZXh0JTNETWUlMjUyMGd1c3RhciVDMyVBRGElMjUyMHJlY2liaXIlMjUyMGluZm9ybWVzLiUyMiUzRWVzY3JpYmlybm9zJTIwdiVDMyVBRGElMjBXaGF0c0FwcCUzQyUyRmElM0UlM0MlMkZzcGFuJTNFJTNDJTJGcCUzRQ==[\/vc_raw_html][\/vc_column][\/vc_row][\/vc_section][vc_row el_id=\u00bbpreguntas-frecuentes-listado\u00bb][vc_column][vc_toggle title=\u00bb\u00bfCu\u00e1l es el pH que debe tener el agua de una alberca?\u00bb]El pH del agua de la alberca debe estar entre 6.5 y 8.5[\/vc_toggle][vc_toggle title=\u00bb\u00bfQu\u00e9 problemas ocasiona que el pH est\u00e9 fuera del rango?\u00bb]Si el pH es muy bajo puede provocar irritaci\u00f3n en las mucosas de los usuarios, y que el cloro se libere demasiado r\u00e1pidamente. Si el pH es muy alto, va a impedir que los productos de cloro hagan su efecto.[\/vc_toggle][vc_toggle title=\u00bb\u00bfC\u00f3mo se puede bajar el pH del agua de una alberca?\u00bb]El pH del agua de una alberca se puede bajar con <strong>AC\u00cdDRICO<\/strong> o con <strong>pHTRON<\/strong>.[\/vc_toggle][vc_toggle title=\u00bb\u00bfC\u00f3mo se puede subir el pH del agua de una alberca?\u00bb]El pH del agua de una alberca se puede subir con <strong>POTENTER PLUS<\/strong> y en menor medida con <strong>POTENTER<\/strong>[\/vc_toggle][vc_toggle title=\u00bb\u00bfCu\u00e1l debe ser la concentraci\u00f3n de cloro del agua de una alberca?\u00bb]La concentraci\u00f3n de cloro que debe tener el agua de la alberca se encuentra entre 1.0 y 5.0 ppm de cloro residual.[\/vc_toggle][vc_toggle title=\u00bb\u00bfCu\u00e1l es el mejor producto de cloro? \u00bf\u00e1cido tricloroisocian\u00farico, hipoclorito de sodio, o hipoclorito de calcio?\u00bb]No se puede decir que alguno de los tres productos sea significativamente mejor que otro, ya que todo depende de la circunstancia. Puedes consultar las fichas t\u00e9cnicas de estos productos, y ponerte en contacto con nosotros para que uno de nuestros Asesores Especializados te ayude a solucionar tu problema en particular.[\/vc_toggle][vc_toggle title=\u00bb\u00bfPor qu\u00e9 es importante controlar el pH del agua de una alberca?\u00bb]Un nivel muy bajo podr\u00eda no lograr la desinfecci\u00f3n del agua poniendo en riesgo la salud de los usuarios; un nivel muy alto provocar\u00eda irritaci\u00f3n en las mucosas de los usuarios.[\/vc_toggle][vc_toggle title=\u00bb\u00bfPor qu\u00e9 es importante controlar la alcalinidad del agua de una alberca?\u00bb]Por varias razones, pero principalmente porque una alcalinidad muy alta dificulta la disminuci\u00f3n del pH, lo que a su vez reduce la eficacia de la acci\u00f3n de los productos de cloro.[\/vc_toggle][vc_toggle title=\u00bb\u00bfCu\u00e1l debe ser la alcalinidad del agua de una alberca?\u00bb]La alcalinidad del agua de una alberca debe de estar entre 125 y 250 ppm.[\/vc_toggle][vc_toggle title=\u00bb\u00bfC\u00f3mo se aumenta la alcalinidad del agua de una alberca?\u00bb]Si lo que se necesita es \u00fanicamente subir la alcalinidad, esto se logra con <strong>POTENTER<\/strong>; si se requiere aumentar tanto la alcalinidad como el pH, esto se puede lograr con <strong>POTENTER PLUS<\/strong>.[\/vc_toggle][vc_toggle title=\u00bb\u00bfCu\u00e1l debe ser la concentraci\u00f3n de la dureza del agua de una alberca?\u00bb]La concentraci\u00f3n de la dureza del agua de una alberca debe de estar entre 150 y 250 ppm.[\/vc_toggle][vc_toggle title=\u00bb\u00bfPor qu\u00e9 es importante controlar la concentraci\u00f3n de la dureza del agua de una alberca?\u00bb]Una dureza por debajo del l\u00edmite m\u00ednimo puede provocar corrosi\u00f3n en las superficies met\u00e1licas; una dureza mayor al l\u00edmite m\u00e1ximo provocar\u00e1 turbidez del agua de la alberca.[\/vc_toggle][vc_toggle title=\u00bb\u00bfC\u00f3mo se controla la concentraci\u00f3n de la dureza del agua de una alberca?\u00bb]Si la dureza del agua es muy baja, se deber\u00e1 adicionar <strong>DUREXIT<\/strong>; por lo contrario, si el valor es muy alto, se deber\u00e1 drenar parte de la alberca, e introducir agua con concentraciones bajas de dureza.[\/vc_toggle][vc_toggle title=\u00bb\u00bfCu\u00e1l debe ser la concentraci\u00f3n de los s\u00f3lidos totales disueltos (STD) en el agua de una alberca?\u00bb]La concentraci\u00f3n m\u00e1xima es de 1000 ppm, siendo el valor ideal de 500 ppm.[\/vc_toggle][vc_toggle title=\u00bb\u00bfPor qu\u00e9 es importante controlar los s\u00f3lidos totales disueltos en el agua de una alberca?\u00bb]Un valor alto afectar\u00e1 la eficacia de la desinfecci\u00f3n, adem\u00e1s de provocar formaci\u00f3n de incrustaciones y turbidez.[\/vc_toggle][vc_toggle title=\u00bb\u00bfC\u00f3mo se controla la concentraci\u00f3n los s\u00f3lidos totales disueltos en el agua de una alberca?\u00bb]Si los valores son debajo de los permitidos, no es necesario tomar ninguna acci\u00f3n; por el contrario, si los valores son mayores a los permitidos, se deber\u00e1 drenar parte de la alberca, y sustituir con agua con bajos niveles de concentraci\u00f3n de s\u00f3lidos totales disueltos.[\/vc_toggle][vc_toggle title=\u00bb\u00bfD\u00f3nde puedo comprar los productos de QMC POOL?\u00bb]Utiliza los datos de nuestra <a href=\"https:\/\/productosparaalbercas.com\/qmcpool\/contacto\/\">P\u00c1GINA DE CONTACTO<\/a> ya sea llenando el formulario, o habl\u00e1ndonos directamente.[\/vc_toggle][vc_toggle title=\u00bb\u00bfTienen servicio en toda la Rep\u00fablica Mexicana?\u00bb]Podemos enviarte los productos que necesites a cualquier parte de la Rep\u00fablica Mexicana. Utiliza los datos de nuestra <a href=\"https:\/\/productosparaalbercas.com\/qmcpool\/contacto\/\">P\u00c1GINA DE CONTACTO<\/a>.[\/vc_toggle][vc_toggle title=\u00bb\u00bfPueden proporcionarme asesor\u00eda t\u00e9cnica?\u00bb]Claro que S\u00cd. No importa en que ciudad te encuentres, puede utilizar nuestra <a href=\"https:\/\/productosparaalbercas.com\/qmcpool\/contacto\/\">P\u00c1GINA DE CONTACTO<\/a> y uno de nuestros Asesores T\u00e9cnicos Especializados se comunicar\u00e1 lo m\u00e1s r\u00e1pidamente posible para ayudarte a solucionar tus necesidades de tratamiento del agua de tu alberca.[\/vc_toggle][\/vc_column][\/vc_row]<\/p>\n","protected":false},"excerpt":{"rendered":"<p>[vc_section el_id=\u00bbpreguntas-frecuentes-seccion\u00bb][vc_row el_id=\u00bbpreguntas-frecuentes-fila\u00bb][vc_column][vc_custom_heading text=\u00bb\u00bfTienes alguna duda?\u00bb use_theme_fonts=\u00bbyes\u00bb el_class=\u00bbazul-obscuro\u00bb][vc_raw_html el_id=\u00bbpreguntas-frecuentes-cta\u00bb]JTNDcCUyMGNsYXNzJTNEJTIyYXp1bC1vYnNjdXJvJTIyJTNFU2klMjBubyUyMGVuY3VlbnRyYXMlMjBsbyUyMHF1ZSUyMGJ1c2NhcyUyQyUyMHJlY3VlcmRhJTIwcXVlJTIwcHVlZGVzJTIwJTNDYnIlM0UlMEElM0NzcGFuJTIwY2xhc3MlM0QlMjJ2ZXJkZSUyMiUzRSUzQ2ElMjBocmVmJTNEJTIyaHR0cHMlM0ElMkYlMkZ3YS5tZSUyRjUyMTMzMTYwMTI5ODQlM0Z0ZXh0JTNETWUlMjUyMGd1c3RhciVDMyVBRGElMjUyMHJlY2liaXIlMjUyMGluZm9ybWVzLiUyMiUzRWVzY3JpYmlybm9zJTIwdiVDMyVBRGElMjBXaGF0c0FwcCUzQyUyRmElM0UlM0MlMkZzcGFuJTNFJTNDJTJGcCUzRQ==[\/vc_raw_html][\/vc_column][\/vc_row][\/vc_section][vc_row el_id=\u00bbpreguntas-frecuentes-listado\u00bb][vc_column][vc_toggle title=\u00bb\u00bfCu\u00e1l es el pH que debe tener el agua de una alberca?\u00bb]El pH del agua de la alberca debe estar entre 6.5 y 8.5[\/vc_toggle][vc_toggle title=\u00bb\u00bfQu\u00e9 problemas ocasiona que el pH est\u00e9 fuera del rango?\u00bb]Si el pH es muy bajo puede provocar irritaci\u00f3n en las mucosas<\/p>\n","protected":false},"author":1,"featured_media":0,"parent":0,"menu_order":0,"comment_status":"closed","ping_status":"closed","template":"","meta":{"inline_featured_image":false,"_mi_skip_tracking":false,"spay_email":""},"yoast_head":"<!-- This site is optimized with the Yoast SEO plugin v19.9 - https:\/\/yoast.com\/wordpress\/plugins\/seo\/ -->\n<title>Preguntas frecuentes - QMCPool<\/title>\n<meta name=\"robots\" content=\"index, follow, max-snippet:-1, max-image-preview:large, max-video-preview:-1\" \/>\n<link rel=\"canonical\" href=\"https:\/\/productosparaalbercas.com\/qmcpool\/preguntas-frecuentes\/\" \/>\n<meta property=\"og:locale\" content=\"es_ES\" \/>\n<meta property=\"og:type\" content=\"article\" \/>\n<meta property=\"og:title\" content=\"Preguntas frecuentes - QMCPool\" \/>\n<meta property=\"og:description\" content=\"[vc_section el_id=\u00bbpreguntas-frecuentes-seccion\u00bb][vc_row el_id=\u00bbpreguntas-frecuentes-fila\u00bb][vc_column][vc_custom_heading text=\u00bb\u00bfTienes alguna duda?\u00bb use_theme_fonts=\u00bbyes\u00bb el_class=\u00bbazul-obscuro\u00bb][vc_raw_html el_id=\u00bbpreguntas-frecuentes-cta\u00bb]JTNDcCUyMGNsYXNzJTNEJTIyYXp1bC1vYnNjdXJvJTIyJTNFU2klMjBubyUyMGVuY3VlbnRyYXMlMjBsbyUyMHF1ZSUyMGJ1c2NhcyUyQyUyMHJlY3VlcmRhJTIwcXVlJTIwcHVlZGVzJTIwJTNDYnIlM0UlMEElM0NzcGFuJTIwY2xhc3MlM0QlMjJ2ZXJkZSUyMiUzRSUzQ2ElMjBocmVmJTNEJTIyaHR0cHMlM0ElMkYlMkZ3YS5tZSUyRjUyMTMzMTYwMTI5ODQlM0Z0ZXh0JTNETWUlMjUyMGd1c3RhciVDMyVBRGElMjUyMHJlY2liaXIlMjUyMGluZm9ybWVzLiUyMiUzRWVzY3JpYmlybm9zJTIwdiVDMyVBRGElMjBXaGF0c0FwcCUzQyUyRmElM0UlM0MlMkZzcGFuJTNFJTNDJTJGcCUzRQ==[\/vc_raw_html][\/vc_column][\/vc_row][\/vc_section][vc_row el_id=\u00bbpreguntas-frecuentes-listado\u00bb][vc_column][vc_toggle title=\u00bb\u00bfCu\u00e1l es el pH que debe tener el agua de una alberca?\u00bb]El pH del agua de la alberca debe estar entre 6.5 y 8.5[\/vc_toggle][vc_toggle title=\u00bb\u00bfQu\u00e9 problemas ocasiona que el pH est\u00e9 fuera del rango?\u00bb]Si el pH es muy bajo puede provocar irritaci\u00f3n en las mucosas\" \/>\n<meta property=\"og:url\" content=\"https:\/\/productosparaalbercas.com\/qmcpool\/preguntas-frecuentes\/\" \/>\n<meta property=\"og:site_name\" content=\"QMCPool\" \/>\n<meta property=\"article:modified_time\" content=\"2019-09-06T17:17:12+00:00\" \/>\n<meta name=\"twitter:card\" content=\"summary_large_image\" \/>\n<meta name=\"twitter:label1\" content=\"Tiempo de lectura\" \/>\n\t<meta name=\"twitter:data1\" content=\"5 minutos\" \/>\n<script type=\"application\/ld+json\" class=\"yoast-schema-graph\">{\"@context\":\"https:\/\/schema.org\",\"@graph\":[{\"@type\":\"WebPage\",\"@id\":\"https:\/\/productosparaalbercas.com\/qmcpool\/preguntas-frecuentes\/\",\"url\":\"https:\/\/productosparaalbercas.com\/qmcpool\/preguntas-frecuentes\/\",\"name\":\"Preguntas frecuentes - QMCPool\",\"isPartOf\":{\"@id\":\"https:\/\/productosparaalbercas.com\/qmcpool\/#website\"},\"datePublished\":\"2019-08-09T02:02:50+00:00\",\"dateModified\":\"2019-09-06T17:17:12+00:00\",\"breadcrumb\":{\"@id\":\"https:\/\/productosparaalbercas.com\/qmcpool\/preguntas-frecuentes\/#breadcrumb\"},\"inLanguage\":\"es\",\"potentialAction\":[{\"@type\":\"ReadAction\",\"target\":[\"https:\/\/productosparaalbercas.com\/qmcpool\/preguntas-frecuentes\/\"]}]},{\"@type\":\"BreadcrumbList\",\"@id\":\"https:\/\/productosparaalbercas.com\/qmcpool\/preguntas-frecuentes\/#breadcrumb\",\"itemListElement\":[{\"@type\":\"ListItem\",\"position\":1,\"name\":\"Portada\",\"item\":\"https:\/\/productosparaalbercas.com\/qmcpool\/\"},{\"@type\":\"ListItem\",\"position\":2,\"name\":\"Preguntas frecuentes\"}]},{\"@type\":\"WebSite\",\"@id\":\"https:\/\/productosparaalbercas.com\/qmcpool\/#website\",\"url\":\"https:\/\/productosparaalbercas.com\/qmcpool\/\",\"name\":\"QMCPool\",\"description\":\"Soluciones qu\u00edmicas para disfrutar tu alberca.\",\"potentialAction\":[{\"@type\":\"SearchAction\",\"target\":{\"@type\":\"EntryPoint\",\"urlTemplate\":\"https:\/\/productosparaalbercas.com\/qmcpool\/?s={search_term_string}\"},\"query-input\":\"required name=search_term_string\"}],\"inLanguage\":\"es\"}]}<\/script>\n<!-- \/ Yoast SEO plugin. -->","yoast_head_json":{"title":"Preguntas frecuentes - QMCPool","robots":{"index":"index","follow":"follow","max-snippet":"max-snippet:-1","max-image-preview":"max-image-preview:large","max-video-preview":"max-video-preview:-1"},"canonical":"https:\/\/productosparaalbercas.com\/qmcpool\/preguntas-frecuentes\/","og_locale":"es_ES","og_type":"article","og_title":"Preguntas frecuentes - QMCPool","og_description":"[vc_section el_id=\u00bbpreguntas-frecuentes-seccion\u00bb][vc_row el_id=\u00bbpreguntas-frecuentes-fila\u00bb][vc_column][vc_custom_heading text=\u00bb\u00bfTienes alguna duda?\u00bb use_theme_fonts=\u00bbyes\u00bb el_class=\u00bbazul-obscuro\u00bb][vc_raw_html el_id=\u00bbpreguntas-frecuentes-cta\u00bb]JTNDcCUyMGNsYXNzJTNEJTIyYXp1bC1vYnNjdXJvJTIyJTNFU2klMjBubyUyMGVuY3VlbnRyYXMlMjBsbyUyMHF1ZSUyMGJ1c2NhcyUyQyUyMHJlY3VlcmRhJTIwcXVlJTIwcHVlZGVzJTIwJTNDYnIlM0UlMEElM0NzcGFuJTIwY2xhc3MlM0QlMjJ2ZXJkZSUyMiUzRSUzQ2ElMjBocmVmJTNEJTIyaHR0cHMlM0ElMkYlMkZ3YS5tZSUyRjUyMTMzMTYwMTI5ODQlM0Z0ZXh0JTNETWUlMjUyMGd1c3RhciVDMyVBRGElMjUyMHJlY2liaXIlMjUyMGluZm9ybWVzLiUyMiUzRWVzY3JpYmlybm9zJTIwdiVDMyVBRGElMjBXaGF0c0FwcCUzQyUyRmElM0UlM0MlMkZzcGFuJTNFJTNDJTJGcCUzRQ==[\/vc_raw_html][\/vc_column][\/vc_row][\/vc_section][vc_row el_id=\u00bbpreguntas-frecuentes-listado\u00bb][vc_column][vc_toggle title=\u00bb\u00bfCu\u00e1l es el pH que debe tener el agua de una alberca?\u00bb]El pH del agua de la alberca debe estar entre 6.5 y 8.5[\/vc_toggle][vc_toggle title=\u00bb\u00bfQu\u00e9 problemas ocasiona que el pH est\u00e9 fuera del rango?\u00bb]Si el pH es muy bajo puede provocar irritaci\u00f3n en las mucosas","og_url":"https:\/\/productosparaalbercas.com\/qmcpool\/preguntas-frecuentes\/","og_site_name":"QMCPool","article_modified_time":"2019-09-06T17:17:12+00:00","twitter_card":"summary_large_image","twitter_misc":{"Tiempo de lectura":"5 minutos"},"schema":{"@context":"https:\/\/schema.org","@graph":[{"@type":"WebPage","@id":"https:\/\/productosparaalbercas.com\/qmcpool\/preguntas-frecuentes\/","url":"https:\/\/productosparaalbercas.com\/qmcpool\/preguntas-frecuentes\/","name":"Preguntas frecuentes - QMCPool","isPartOf":{"@id":"https:\/\/productosparaalbercas.com\/qmcpool\/#website"},"datePublished":"2019-08-09T02:02:50+00:00","dateModified":"2019-09-06T17:17:12+00:00","breadcrumb":{"@id":"https:\/\/productosparaalbercas.com\/qmcpool\/preguntas-frecuentes\/#breadcrumb"},"inLanguage":"es","potentialAction":[{"@type":"ReadAction","target":["https:\/\/productosparaalbercas.com\/qmcpool\/preguntas-frecuentes\/"]}]},{"@type":"BreadcrumbList","@id":"https:\/\/productosparaalbercas.com\/qmcpool\/preguntas-frecuentes\/#breadcrumb","itemListElement":[{"@type":"ListItem","position":1,"name":"Portada","item":"https:\/\/productosparaalbercas.com\/qmcpool\/"},{"@type":"ListItem","position":2,"name":"Preguntas frecuentes"}]},{"@type":"WebSite","@id":"https:\/\/productosparaalbercas.com\/qmcpool\/#website","url":"https:\/\/productosparaalbercas.com\/qmcpool\/","name":"QMCPool","description":"Soluciones qu\u00edmicas para disfrutar tu alberca.","potentialAction":[{"@type":"SearchAction","target":{"@type":"EntryPoint","urlTemplate":"https:\/\/productosparaalbercas.com\/qmcpool\/?s={search_term_string}"},"query-input":"required name=search_term_string"}],"inLanguage":"es"}]}},"jetpack_sharing_enabled":true,"_links":{"self":[{"href":"https:\/\/productosparaalbercas.com\/qmcpool\/wp-json\/wp\/v2\/pages\/165"}],"collection":[{"href":"https:\/\/productosparaalbercas.com\/qmcpool\/wp-json\/wp\/v2\/pages"}],"about":[{"href":"https:\/\/productosparaalbercas.com\/qmcpool\/wp-json\/wp\/v2\/types\/page"}],"author":[{"embeddable":true,"href":"https:\/\/productosparaalbercas.com\/qmcpool\/wp-json\/wp\/v2\/users\/1"}],"replies":[{"embeddable":true,"href":"https:\/\/productosparaalbercas.com\/qmcpool\/wp-json\/wp\/v2\/comments?post=165"}],"version-history":[{"count":0,"href":"https:\/\/productosparaalbercas.com\/qmcpool\/wp-json\/wp\/v2\/pages\/165\/revisions"}],"wp:attachment":[{"href":"https:\/\/productosparaalbercas.com\/qmcpool\/wp-json\/wp\/v2\/media?parent=165"}],"curies":[{"name":"wp","href":"https:\/\/api.w.org\/{rel}","templated":true}]}}