{"id":2,"date":"2019-07-01T23:19:12","date_gmt":"2019-07-02T04:19:12","guid":{"rendered":"https:\/\/productosparaalbercas.com\/qmcpool\/?page_id=2"},"modified":"2022-02-15T15:12:00","modified_gmt":"2022-02-15T21:12:00","slug":"inicio","status":"publish","type":"page","link":"https:\/\/productosparaalbercas.com\/qmcpool\/","title":{"rendered":"Inicio"},"content":{"rendered":"<p>[vc_section css_animation=\u00bbslideInDown\u00bb el_id=\u00bbhome-banner\u00bb][vc_row css_animation=\u00bbnone\u00bb el_id=\u00bbhome-banner-contenido\u00bb][vc_column css_animation=\u00bbslideInLeft\u00bb width=\u00bb1\/2&#8243; el_class=\u00bbcol-1&#8243;][vc_custom_heading text=\u00bbSoluciones qu\u00edmicas<br \/>\npara disfrutar tu alberca.\u00bb font_container=\u00bbtag:h1|text_align:left\u00bb use_theme_fonts=\u00bbyes\u00bb][vc_row_inner content_placement=\u00bbbottom\u00bb el_id=\u00bbiconos-productos\u00bb][vc_column_inner el_class=\u00bbcol-1&#8243; width=\u00bb1\/6&#8243;][vc_single_image image=\u00bb116&#8243; img_size=\u00bbfull\u00bb][\/vc_column_inner][vc_column_inner el_class=\u00bbcol-2&#8243; width=\u00bb1\/6&#8243;][vc_single_image image=\u00bb27&#8243; img_size=\u00bbfull\u00bb][\/vc_column_inner][vc_column_inner el_class=\u00bbcol-3&#8243; width=\u00bb1\/6&#8243;][vc_single_image image=\u00bb24&#8243; img_size=\u00bbfull\u00bb][\/vc_column_inner][vc_column_inner el_class=\u00bbcol-4&#8243; width=\u00bb1\/6&#8243;][vc_single_image image=\u00bb26&#8243; img_size=\u00bbfull\u00bb][\/vc_column_inner][vc_column_inner el_class=\u00bbcol-5&#8243; width=\u00bb1\/6&#8243;][vc_single_image image=\u00bb25&#8243; img_size=\u00bbfull\u00bb][\/vc_column_inner][\/vc_row_inner][vc_custom_heading text=\u00bbNuestro equipo de especialistas<br \/>\nte proporcionar\u00e1 la mejor soluci\u00f3n<br \/>\npara el mantenimiento de tu alberca.\u00bb font_container=\u00bbtag:p|text_align:left\u00bb use_theme_fonts=\u00bbyes\u00bb el_class=\u00bbfil-1&#8243;][vc_custom_heading text=\u00bb\u00a1F\u00e1cil! Puedes aplicarlas t\u00fa mismo.\u00bb font_container=\u00bbtag:p|text_align:left\u00bb use_theme_fonts=\u00bbyes\u00bb el_class=\u00bbazul-claro fil-2&#8243;][\/vc_column][vc_column width=\u00bb1\/2&#8243; el_class=\u00bbcol-2&#8243;][vc_btn title=\u00bbRESOLVEMOS TUS DUDAS\u00bb align=\u00bbcenter\u00bb link=\u00bburl:https%3A%2F%2Fwa.me%2F5213314113245%3Ftext%3DMe%2520gustar%C3%ADa%2520recibir%2520informes.|||\u00bb el_class=\u00bbwhatsapp\u00bb][vc_custom_heading text=\u00bbEn pocos minutos <b>te damos la soluci\u00f3n<\/b> para<br \/>\nmantener limpia y segura tu piscina.\u00bb font_container=\u00bbtag:p|text_align:center\u00bb use_theme_fonts=\u00bbyes\u00bb el_class=\u00bbazul-obscuro\u00bb][\/vc_column][\/vc_row][\/vc_section][vc_section el_id=\u00bbhome-categorias-productos\u00bb][vc_row el_id=\u00bbhome-categorias-productos-contenido\u00bb][vc_column][vc_custom_heading text=\u00bbSoluciones Qu\u00edmicas\u00bb font_container=\u00bbtag:h2|text_align:center\u00bb use_theme_fonts=\u00bbyes\u00bb][vc_custom_heading text=\u00bbContamos con 5 categor\u00edas\u00bb font_container=\u00bbtag:h3|text_align:center\u00bb use_theme_fonts=\u00bbyes\u00bb][vc_row_inner el_id=\u00bbhome-productos-fila-1&#8243;][vc_column_inner el_class=\u00bbcol-1&#8243; width=\u00bb1\/3&#8243;][vc_single_image image=\u00bb117&#8243; img_size=\u00bbfull\u00bb alignment=\u00bbcenter\u00bb onclick=\u00bbcustom_link\u00bb link=\u00bbhttps:\/\/productosparaalbercas.com\/qmcpool\/productos-a-base-de-cloro\/\u00bb][vc_custom_heading text=\u00bbProductos a<br \/>\nbase de cloro\u00bb font_container=\u00bbtag:h4|text_align:center\u00bb use_theme_fonts=\u00bbyes\u00bb link=\u00bburl:https%3A%2F%2Fproductosparaalbercas.com%2Fqmcpool%2Fproductos-a-base-de-cloro%2F|||\u00bb][vc_custom_heading text=\u00bbConoce las opciones\u00bb font_container=\u00bbtag:h5|text_align:center\u00bb use_theme_fonts=\u00bbyes\u00bb link=\u00bburl:https%3A%2F%2Fproductosparaalbercas.com%2Fqmcpool%2Fproductos-a-base-de-cloro%2F|||\u00bb][\/vc_column_inner][vc_column_inner el_class=\u00bbcol-2&#8243; width=\u00bb1\/3&#8243;][vc_single_image image=\u00bb41&#8243; img_size=\u00bbfull\u00bb alignment=\u00bbcenter\u00bb onclick=\u00bbcustom_link\u00bb link=\u00bbhttps:\/\/productosparaalbercas.com\/qmcpool\/alguicidas\/\u00bb][vc_custom_heading text=\u00bbAlguicidas\u00bb font_container=\u00bbtag:h4|text_align:center\u00bb use_theme_fonts=\u00bbyes\u00bb link=\u00bburl:https%3A%2F%2Fproductosparaalbercas.com%2Fqmcpool%2Falguicidas%2F|||\u00bb][vc_custom_heading text=\u00bbConoce las opciones\u00bb font_container=\u00bbtag:h5|text_align:center\u00bb use_theme_fonts=\u00bbyes\u00bb link=\u00bburl:https%3A%2F%2Fproductosparaalbercas.com%2Fqmcpool%2Falguicidas%2F|||\u00bb][\/vc_column_inner][vc_column_inner el_class=\u00bbcol-3&#8243; width=\u00bb1\/3&#8243;][vc_single_image image=\u00bb40&#8243; img_size=\u00bbfull\u00bb alignment=\u00bbcenter\u00bb onclick=\u00bbcustom_link\u00bb link=\u00bbhttps:\/\/productosparaalbercas.com\/qmcpool\/control-de-ph\/\u00bb][vc_custom_heading text=\u00bbControl de pH\u00bb font_container=\u00bbtag:h4|text_align:center\u00bb use_theme_fonts=\u00bbyes\u00bb link=\u00bburl:https%3A%2F%2Fproductosparaalbercas.com%2Fqmcpool%2Fcontrol-de-ph%2F|||\u00bb][vc_custom_heading text=\u00bbConoce las opciones\u00bb font_container=\u00bbtag:h5|text_align:center\u00bb use_theme_fonts=\u00bbyes\u00bb link=\u00bburl:https%3A%2F%2Fproductosparaalbercas.com%2Fqmcpool%2Fcontrol-de-ph%2F|||\u00bb][\/vc_column_inner][\/vc_row_inner][vc_row_inner el_id=\u00bbhome-productos-fila-2&#8243;][vc_column_inner el_class=\u00bbcol-1&#8243; width=\u00bb1\/3&#8243;][vc_single_image image=\u00bb38&#8243; img_size=\u00bbfull\u00bb alignment=\u00bbcenter\u00bb onclick=\u00bbcustom_link\u00bb link=\u00bbhttps:\/\/productosparaalbercas.com\/qmcpool\/floculantes-y-clarificantes\/\u00bb][vc_custom_heading text=\u00bbFloculantes<br \/>\ny clarificantes\u00bb font_container=\u00bbtag:h4|text_align:center\u00bb use_theme_fonts=\u00bbyes\u00bb link=\u00bburl:https%3A%2F%2Fproductosparaalbercas.com%2Fqmcpool%2Ffloculantes-y-clarificantes%2F|||\u00bb][vc_custom_heading text=\u00bbConoce las opciones\u00bb font_container=\u00bbtag:h5|text_align:center\u00bb use_theme_fonts=\u00bbyes\u00bb link=\u00bburl:https%3A%2F%2Fproductosparaalbercas.com%2Fqmcpool%2Ffloculantes-y-clarificantes%2F|||\u00bb][\/vc_column_inner][vc_column_inner el_class=\u00bbcol-2&#8243; width=\u00bb1\/3&#8243;][vc_single_image image=\u00bb37&#8243; img_size=\u00bbfull\u00bb alignment=\u00bbcenter\u00bb onclick=\u00bbcustom_link\u00bb link=\u00bbhttps:\/\/productosparaalbercas.com\/qmcpool\/correctores-de-dureza\/\u00bb][vc_custom_heading text=\u00bbCorrectores<br \/>\nde dureza\u00bb font_container=\u00bbtag:h4|text_align:center\u00bb use_theme_fonts=\u00bbyes\u00bb link=\u00bburl:https%3A%2F%2Fproductosparaalbercas.com%2Fqmcpool%2Fcorrectores-de-dureza%2F|||\u00bb][vc_custom_heading text=\u00bbConoce las opciones\u00bb font_container=\u00bbtag:h5|text_align:center\u00bb use_theme_fonts=\u00bbyes\u00bb link=\u00bburl:https%3A%2F%2Fproductosparaalbercas.com%2Fqmcpool%2Fcorrectores-de-dureza%2F|||\u00bb][\/vc_column_inner][\/vc_row_inner][\/vc_column][\/vc_row][\/vc_section][vc_section el_id=\u00bbhome-intro-qmc\u00bb][vc_row el_id=\u00bbhome-intro-qmc-contenido\u00bb][vc_column width=\u00bb1\/2&#8243; el_class=\u00bbcol-1&#8243;][vc_single_image image=\u00bb47&#8243; img_size=\u00bbfull\u00bb][\/vc_column][vc_column width=\u00bb1\/2&#8243; el_class=\u00bbcol-2&#8243;][vc_single_image source=\u00bbexternal_link\u00bb alignment=\u00bbcenter\u00bb custom_src=\u00bbhttps:\/\/productosparaalbercas.com\/qmcpool\/wp-content\/themes\/qmc\/img\/logo-qmc.svg\u00bb][vc_custom_heading text=\u00bbEn QMC POOL tendr\u00e1s las soluciones qu\u00edmicas de la m\u00e1xima calidad para el mantenimiento diario y correctivo de tu alberca.\u00bb font_container=\u00bbtag:p|text_align:left\u00bb use_theme_fonts=\u00bbyes\u00bb el_class=\u00bbfila-1&#8243;][vc_custom_heading text=\u00bbNuestras <b>soluciones qu\u00edmicas especializadas<\/b> proporcionar\u00e1n las condiciones de <b>higiene<\/b> para el m\u00e1ximo disfrute de todos los usuarios.\u00bb font_container=\u00bbtag:p|text_align:left\u00bb use_theme_fonts=\u00bbyes\u00bb el_class=\u00bbfila-2&#8243;][\/vc_column][\/vc_row][\/vc_section][vc_row][vc_column]<div class=\"templatera_shortcode\"><section id=\"dudas\" class=\"vc_section\"><div id=\"dudas-fila\" class=\"vc_row wpb_row vc_row-fluid mpc-row\"><div class=\"wpb_column vc_column_container vc_col-sm-12 mpc-column\" data-column-id=\"mpc_column-4969e1bb3faab42\"><div class=\"vc_column-inner\"><div class=\"wpb_wrapper\"><h2 style=\"text-align: center\" class=\"vc_custom_heading\">&iquest;Dudas?<\/h2><p style=\"text-align: center\" class=\"vc_custom_heading\" id=\"dudas-descripcion\">Una piscina necesita m&aacute;s que s&oacute;lo cloro y redes para su mantenimiento.\r\nUn asesor de QMC POOL te resolver&aacute; tus dudas para que mantengas limpia e higi&eacute;nica tu alberca.<\/p><div id=\"botones-dudas\" class=\"vc_row wpb_row vc_inner vc_row-fluid mpc-row\"><div class=\"col-1 wpb_column vc_column_container vc_col-sm-6 mpc-column\" data-column-id=\"mpc_column-3469e1bb3faa2fb\"><div class=\"vc_column-inner\"><div class=\"wpb_wrapper\"><div class=\"vc_btn3-container vc_btn3-center\" id=\"boton-preguntas-frecuentes\"><a class=\"vc_general vc_btn3 vc_btn3-size-md vc_btn3-shape-rounded vc_btn3-style-modern vc_btn3-color-grey\" href=\"https:\/\/productosparaalbercas.com\/qmcpool\/preguntas-frecuentes\/\" title=\"Preguntas frecuentes\">PREGUNTAS FRECUENTES<\/a><\/div><\/div><\/div><\/div><div class=\"col-2 wpb_column vc_column_container vc_col-sm-6 mpc-column\" data-column-id=\"mpc_column-5069e1bb3faa7a7\"><div class=\"vc_column-inner\"><div class=\"wpb_wrapper\"><div class=\"vc_btn3-container  whatsapp vc_btn3-center\" id=\"whatsapp-dudas\"><a class=\"vc_general vc_btn3 vc_btn3-size-md vc_btn3-shape-rounded vc_btn3-style-modern vc_btn3-color-grey\" href=\"https:\/\/wa.me\/5213314113245?text=Me%20gustar%C3%ADa%20recibir%20informes.\" title=\"\">ESCR&Iacute;BENOS<\/a><\/div><\/div><\/div><\/div><\/div><p style=\"text-align: center\" class=\"vc_custom_heading dudas-nota azul-obscuro\">Te responderemos lo m&aacute;s pronto posible de lunes a s&aacute;bado en <b>horarios de oficina.<\/b><\/p><\/div><\/div><\/div><\/div><\/section><\/div>[\/vc_column][\/vc_row][vc_section el_id=\u00bbhome-blog\u00bb][vc_row el_id=\u00bbhome-blog-fila\u00bb][vc_column][vc_video link=\u00bbhttps:\/\/www.youtube.com\/watch?v=gKTd0h-bXts\u00bb align=\u00bbcenter\u00bb el_id=\u00bbvideo-inicio\u00bb][vc_custom_heading text=\u00bbBlog\u00bb font_container=\u00bbtag:h2|text_align:center\u00bb use_theme_fonts=\u00bbyes\u00bb][vc_basic_grid post_type=\u00bbpost\u00bb max_items=\u00bb3&#8243; item=\u00bb104&#8243; grid_id=\u00bbvc_gid:1644959110536-aad610af-d888-2&#8243;][vc_custom_heading text=\u00bbConocer m\u00e1s&#8230;\u00bb font_container=\u00bbtag:p|text_align:right\u00bb use_theme_fonts=\u00bbyes\u00bb el_id=\u00bbhome-blog-conocer-mas\u00bb link=\u00bburl:https%3A%2F%2Fproductosparaalbercas.com%2Fqmcpool%2Fblog%2F|title:Blog||\u00bb][\/vc_column][\/vc_row][\/vc_section][vc_row disable_element=\u00bbyes\u00bb][vc_column][vc_column_text][\/vc_column_text][\/vc_column][\/vc_row]<\/p>\n","protected":false},"excerpt":{"rendered":"Soluciones qu&iacute;micas para disfrutar tu alberca. Nuestro equipo de especialistas te proporcionar&aacute; la mejor soluci&oacute;n para el mantenimiento de tu alberca.&iexcl;F&aacute;cil! Puedes aplicarlas t&uacute; mismo.RESOLVEMOS TUS DUDASEn pocos minutos te damos la soluci&oacute;n para mantener limpia y segura tu piscina.Soluciones Qu&iacute;micasContamos con 5 categor&iacute;as Productos a base de cloroConoce las opciones AlguicidasConoce las opciones Control","protected":false},"author":1,"featured_media":0,"parent":0,"menu_order":0,"comment_status":"closed","ping_status":"closed","template":"","meta":{"inline_featured_image":false,"_mi_skip_tracking":false,"spay_email":""},"yoast_head":"<!-- This site is optimized with the Yoast SEO plugin v19.9 - https:\/\/yoast.com\/wordpress\/plugins\/seo\/ -->\n<title>QMCPool - Soluciones qu\u00edmicas para disfrutar tu alberca<\/title>\n<meta name=\"description\" content=\"Nuestras soluciones qu\u00edmicas especializadas proporcionar\u00e1n las condiciones de higiene para el m\u00e1ximo disfrute de todos los usuarios.\" \/>\n<meta name=\"robots\" content=\"index, follow, max-snippet:-1, max-image-preview:large, max-video-preview:-1\" \/>\n<link rel=\"canonical\" href=\"https:\/\/productosparaalbercas.com\/qmcpool\/\" \/>\n<meta property=\"og:locale\" content=\"es_ES\" \/>\n<meta property=\"og:type\" content=\"article\" \/>\n<meta property=\"og:title\" content=\"QMCPool - Soluciones qu\u00edmicas para disfrutar tu alberca\" \/>\n<meta property=\"og:description\" content=\"Nuestras soluciones qu\u00edmicas especializadas proporcionar\u00e1n las condiciones de higiene para el m\u00e1ximo disfrute de todos los usuarios.\" \/>\n<meta property=\"og:url\" content=\"https:\/\/productosparaalbercas.com\/qmcpool\/\" \/>\n<meta property=\"og:site_name\" content=\"QMCPool\" \/>\n<meta property=\"article:modified_time\" content=\"2022-02-15T21:12:00+00:00\" \/>\n<meta name=\"twitter:card\" content=\"summary_large_image\" \/>\n<meta name=\"twitter:label1\" content=\"Tiempo de lectura\" \/>\n\t<meta name=\"twitter:data1\" content=\"5 minutos\" \/>\n<script type=\"application\/ld+json\" class=\"yoast-schema-graph\">{\"@context\":\"https:\/\/schema.org\",\"@graph\":[{\"@type\":\"WebPage\",\"@id\":\"https:\/\/productosparaalbercas.com\/qmcpool\/\",\"url\":\"https:\/\/productosparaalbercas.com\/qmcpool\/\",\"name\":\"QMCPool - Soluciones qu\u00edmicas para disfrutar tu alberca\",\"isPartOf\":{\"@id\":\"https:\/\/productosparaalbercas.com\/qmcpool\/#website\"},\"datePublished\":\"2019-07-02T04:19:12+00:00\",\"dateModified\":\"2022-02-15T21:12:00+00:00\",\"description\":\"Nuestras soluciones qu\u00edmicas especializadas proporcionar\u00e1n las condiciones de higiene para el m\u00e1ximo disfrute de todos los usuarios.\",\"breadcrumb\":{\"@id\":\"https:\/\/productosparaalbercas.com\/qmcpool\/#breadcrumb\"},\"inLanguage\":\"es\",\"potentialAction\":[{\"@type\":\"ReadAction\",\"target\":[\"https:\/\/productosparaalbercas.com\/qmcpool\/\"]}]},{\"@type\":\"BreadcrumbList\",\"@id\":\"https:\/\/productosparaalbercas.com\/qmcpool\/#breadcrumb\",\"itemListElement\":[{\"@type\":\"ListItem\",\"position\":1,\"name\":\"Portada\",\"item\":\"https:\/\/productosparaalbercas.com\/qmcpool\/\"},{\"@type\":\"ListItem\",\"position\":2,\"name\":\"Inicio\"}]},{\"@type\":\"WebSite\",\"@id\":\"https:\/\/productosparaalbercas.com\/qmcpool\/#website\",\"url\":\"https:\/\/productosparaalbercas.com\/qmcpool\/\",\"name\":\"QMCPool\",\"description\":\"Soluciones qu\u00edmicas para disfrutar tu alberca.\",\"potentialAction\":[{\"@type\":\"SearchAction\",\"target\":{\"@type\":\"EntryPoint\",\"urlTemplate\":\"https:\/\/productosparaalbercas.com\/qmcpool\/?s={search_term_string}\"},\"query-input\":\"required name=search_term_string\"}],\"inLanguage\":\"es\"}]}<\/script>\n<!-- \/ Yoast SEO plugin. -->","yoast_head_json":{"title":"QMCPool - Soluciones qu\u00edmicas para disfrutar tu alberca","description":"Nuestras soluciones qu\u00edmicas especializadas proporcionar\u00e1n las condiciones de higiene para el m\u00e1ximo disfrute de todos los usuarios.","robots":{"index":"index","follow":"follow","max-snippet":"max-snippet:-1","max-image-preview":"max-image-preview:large","max-video-preview":"max-video-preview:-1"},"canonical":"https:\/\/productosparaalbercas.com\/qmcpool\/","og_locale":"es_ES","og_type":"article","og_title":"QMCPool - Soluciones qu\u00edmicas para disfrutar tu alberca","og_description":"Nuestras soluciones qu\u00edmicas especializadas proporcionar\u00e1n las condiciones de higiene para el m\u00e1ximo disfrute de todos los usuarios.","og_url":"https:\/\/productosparaalbercas.com\/qmcpool\/","og_site_name":"QMCPool","article_modified_time":"2022-02-15T21:12:00+00:00","twitter_card":"summary_large_image","twitter_misc":{"Tiempo de lectura":"5 minutos"},"schema":{"@context":"https:\/\/schema.org","@graph":[{"@type":"WebPage","@id":"https:\/\/productosparaalbercas.com\/qmcpool\/","url":"https:\/\/productosparaalbercas.com\/qmcpool\/","name":"QMCPool - Soluciones qu\u00edmicas para disfrutar tu alberca","isPartOf":{"@id":"https:\/\/productosparaalbercas.com\/qmcpool\/#website"},"datePublished":"2019-07-02T04:19:12+00:00","dateModified":"2022-02-15T21:12:00+00:00","description":"Nuestras soluciones qu\u00edmicas especializadas proporcionar\u00e1n las condiciones de higiene para el m\u00e1ximo disfrute de todos los usuarios.","breadcrumb":{"@id":"https:\/\/productosparaalbercas.com\/qmcpool\/#breadcrumb"},"inLanguage":"es","potentialAction":[{"@type":"ReadAction","target":["https:\/\/productosparaalbercas.com\/qmcpool\/"]}]},{"@type":"BreadcrumbList","@id":"https:\/\/productosparaalbercas.com\/qmcpool\/#breadcrumb","itemListElement":[{"@type":"ListItem","position":1,"name":"Portada","item":"https:\/\/productosparaalbercas.com\/qmcpool\/"},{"@type":"ListItem","position":2,"name":"Inicio"}]},{"@type":"WebSite","@id":"https:\/\/productosparaalbercas.com\/qmcpool\/#website","url":"https:\/\/productosparaalbercas.com\/qmcpool\/","name":"QMCPool","description":"Soluciones qu\u00edmicas para disfrutar tu alberca.","potentialAction":[{"@type":"SearchAction","target":{"@type":"EntryPoint","urlTemplate":"https:\/\/productosparaalbercas.com\/qmcpool\/?s={search_term_string}"},"query-input":"required name=search_term_string"}],"inLanguage":"es"}]}},"jetpack_sharing_enabled":true,"_links":{"self":[{"href":"https:\/\/productosparaalbercas.com\/qmcpool\/wp-json\/wp\/v2\/pages\/2"}],"collection":[{"href":"https:\/\/productosparaalbercas.com\/qmcpool\/wp-json\/wp\/v2\/pages"}],"about":[{"href":"https:\/\/productosparaalbercas.com\/qmcpool\/wp-json\/wp\/v2\/types\/page"}],"author":[{"embeddable":true,"href":"https:\/\/productosparaalbercas.com\/qmcpool\/wp-json\/wp\/v2\/users\/1"}],"replies":[{"embeddable":true,"href":"https:\/\/productosparaalbercas.com\/qmcpool\/wp-json\/wp\/v2\/comments?post=2"}],"version-history":[{"count":0,"href":"https:\/\/productosparaalbercas.com\/qmcpool\/wp-json\/wp\/v2\/pages\/2\/revisions"}],"wp:attachment":[{"href":"https:\/\/productosparaalbercas.com\/qmcpool\/wp-json\/wp\/v2\/media?parent=2"}],"curies":[{"name":"wp","href":"https:\/\/api.w.org\/{rel}","templated":true}]}}